{"id":258,"date":"2024-01-31T11:11:53","date_gmt":"2024-01-31T10:11:53","guid":{"rendered":"https:\/\/www.the7dubai.com\/?page_id=258"},"modified":"2024-01-31T16:50:39","modified_gmt":"2024-01-31T15:50:39","slug":"awards","status":"publish","type":"page","link":"https:\/\/www.the7dubai.com\/en\/awards\/","title":{"rendered":"Awards"},"content":{"rendered":"<div data-elementor-type=\"wp-page\" data-elementor-id=\"258\" class=\"elementor elementor-258\" data-elementor-post-type=\"page\">\n\t\t\t\t<div class=\"elementor-element elementor-element-96b8c0f e-flex e-con-boxed e-con e-parent\" data-id=\"96b8c0f\" data-element_type=\"container\" data-e-type=\"container\" data-settings=\"{&quot;background_background&quot;:&quot;classic&quot;}\">\n\t\t\t\t\t<div class=\"e-con-inner\">\n\t\t\t\t\t<\/div>\n\t\t\t\t<\/div>\n\t\t<div class=\"elementor-element elementor-element-68fe902 e-flex e-con-boxed e-con e-parent\" data-id=\"68fe902\" data-element_type=\"container\" data-e-type=\"container\">\n\t\t\t\t\t<div class=\"e-con-inner\">\n\t\t\t\t<div class=\"elementor-element elementor-element-2df10ce elementor-widget elementor-widget-heading\" data-id=\"2df10ce\" data-element_type=\"widget\" data-e-type=\"widget\" data-widget_type=\"heading.default\">\n\t\t\t\t<div class=\"elementor-widget-container\">\n\t\t\t\t\t<h1 class=\"elementor-heading-title elementor-size-default\">ELLINGTON PROPERTIES WINS FIVE PRESTIGIOUS ACCOLADES AT INTERNATIONAL PROPERTY AWARDS 2020-2021<\/h1>\t\t\t\t<\/div>\n\t\t\t\t<\/div>\n\t\t\t\t<div class=\"elementor-element elementor-element-31d72bc elementor-widget elementor-widget-image\" data-id=\"31d72bc\" data-element_type=\"widget\" data-e-type=\"widget\" data-widget_type=\"image.default\">\n\t\t\t\t<div class=\"elementor-widget-container\">\n\t\t\t\t\t\t\t\t\t\t\t\t\t\t\t<img fetchpriority=\"high\" decoding=\"async\" width=\"991\" height=\"646\" src=\"https:\/\/www.the7dubai.com\/wp-content\/uploads\/2024\/01\/e38b76_e6cbdd9b05b2429eb276bdc5872af308mv2.jpeg.webp\" class=\"attachment-large size-large wp-image-261\" alt=\"\" srcset=\"https:\/\/www.the7dubai.com\/wp-content\/uploads\/2024\/01\/e38b76_e6cbdd9b05b2429eb276bdc5872af308mv2.jpeg.webp 991w, https:\/\/www.the7dubai.com\/wp-content\/uploads\/2024\/01\/e38b76_e6cbdd9b05b2429eb276bdc5872af308mv2.jpeg-768x501.webp 768w, https:\/\/www.the7dubai.com\/wp-content\/uploads\/2024\/01\/e38b76_e6cbdd9b05b2429eb276bdc5872af308mv2.jpeg-18x12.webp 18w\" sizes=\"(max-width: 991px) 100vw, 991px\" \/>\t\t\t\t\t\t\t\t\t\t\t\t\t\t\t<\/div>\n\t\t\t\t<\/div>\n\t\t\t\t<div class=\"elementor-element elementor-element-fa7924d elementor-widget elementor-widget-text-editor\" data-id=\"fa7924d\" data-element_type=\"widget\" data-e-type=\"widget\" data-widget_type=\"text-editor.default\">\n\t\t\t\t<div class=\"elementor-widget-container\">\n\t\t\t\t\t\t\t\t\t<p>Ellington Properties, Dubai\u2019s design-led property developer, has won five honours at this year\u2019s Arabian Property Awards, for delivering inspirational design, impeccable architecture, exceptional residencies and communities for high-quality lifestyles.<\/p>\t\t\t\t\t\t\t\t<\/div>\n\t\t\t\t<\/div>\n\t\t\t\t<div class=\"elementor-element elementor-element-52515ba elementor-widget elementor-widget-text-editor\" data-id=\"52515ba\" data-element_type=\"widget\" data-e-type=\"widget\" data-widget_type=\"text-editor.default\">\n\t\t\t\t<div class=\"elementor-widget-container\">\n\t\t\t\t\t\t\t\t\t<p>Part of the world-renowned International Property Awards, Arabian Property Awards 2020 celebrates outstanding achievements in real estate, development, architecture, interior design and marketing in the residential and commercial sectors. The awards are recognized as the gold standard for excellence in the Middle East property and real estate industry.<\/p>\t\t\t\t\t\t\t\t<\/div>\n\t\t\t\t<\/div>\n\t\t\t\t<div class=\"elementor-element elementor-element-6a56f60 elementor-widget elementor-widget-text-editor\" data-id=\"6a56f60\" data-element_type=\"widget\" data-e-type=\"widget\" data-widget_type=\"text-editor.default\">\n\t\t\t\t<div class=\"elementor-widget-container\">\n\t\t\t\t\t\t\t\t\t<p class=\"translation-block\">Ellington Properties\u2019 iconic residential community, Wilton Park Residences won the \u2018Best Residential Development\u2019 recognition for its understated elegance, contemporary architecture and distinctive design that lets residents experience a balanced indoor and outdoor lifestyle. The residencies\u2019 bathroom interiors featuring an exquisite blend of European simplicity and minimalism was also awarded the honour of \u2018Best Bathroom Design\u2019 in the Middle East.<\/p>\t\t\t\t\t\t\t\t<\/div>\n\t\t\t\t<\/div>\n\t\t\t\t<div class=\"elementor-element elementor-element-41be32b elementor-widget elementor-widget-text-editor\" data-id=\"41be32b\" data-element_type=\"widget\" data-e-type=\"widget\" data-widget_type=\"text-editor.default\">\n\t\t\t\t<div class=\"elementor-widget-container\">\n\t\t\t\t\t\t\t\t\t<p class=\"translation-block\">With its striking residential exterior, soft pastel neutral color scheme and welcoming ambience, Ellington Properties\u2019 sought-after Eaton Place took home the laurel of \u2018Award-winner for Residential Interior \u2013 Apartment\u2019 in Dubai. Created with family living in mind, the interiors combine style with substance.<\/p>\t\t\t\t\t\t\t\t<\/div>\n\t\t\t\t<\/div>\n\t\t\t\t<div class=\"elementor-element elementor-element-1b36410 elementor-widget elementor-widget-text-editor\" data-id=\"1b36410\" data-element_type=\"widget\" data-e-type=\"widget\" data-widget_type=\"text-editor.default\">\n\t\t\t\t<div class=\"elementor-widget-container\">\n\t\t\t\t\t\t\t\t\t<p><span class=\"wixui-rich-text__text\">Belgravia Square<\/span> Ellington Properties\u2019 Belgravia Square in Jumeirah Village Circle bagged the title of \u2018Award Winner for Residential Interior \u2013 Show Home\u2019 in Dubai. This win further underlines the group\u2019s commitment to crafting living spaces that inspire and offers a perfect blend of functionality, aesthetics and socialization.<\/p>\t\t\t\t\t\t\t\t<\/div>\n\t\t\t\t<\/div>\n\t\t\t\t<div class=\"elementor-element elementor-element-27c212a elementor-widget elementor-widget-text-editor\" data-id=\"27c212a\" data-element_type=\"widget\" data-e-type=\"widget\" data-widget_type=\"text-editor.default\">\n\t\t\t\t<div class=\"elementor-widget-container\">\n\t\t\t\t\t\t\t\t\t<p class=\"translation-block\">Furthermore, the \u2018Live in Design\u2019 campaign, showcasing the developer\u2019s approach to aspirational design from the architecture of its developments through to its interiors was acknowledged as the \u2018Award-winner for Development Marketing\u2019 in Dubai. This accolade highlights the impressive strides made in upholding the design philosophy across its properties.<\/p>\t\t\t\t\t\t\t\t<\/div>\n\t\t\t\t<\/div>\n\t\t\t\t<div class=\"elementor-element elementor-element-645a1ea elementor-widget elementor-widget-text-editor\" data-id=\"645a1ea\" data-element_type=\"widget\" data-e-type=\"widget\" data-widget_type=\"text-editor.default\">\n\t\t\t\t<div class=\"elementor-widget-container\">\n\t\t\t\t\t\t\t\t\t<p>Paula Wehbeh Gambrell, Head of Business Strategy of Ellington Properties, said: \u201cThe accolades won at the Arabian Property Awards 2020 reaffirms our position as a customer-centric developer that focuses on an aspirational and design-led approach while embracing innovation, sustainability and technology within the architecture and interiors of our developments. We benchmark ourselves against international developers that place the customer at the centre of their way of thinking. The recognitions reinforce our dedication to create compelling luxury properties that consistently transcend fashions and trends.\u201d<\/p>\t\t\t\t\t\t\t\t<\/div>\n\t\t\t\t<\/div>\n\t\t\t\t<div class=\"elementor-element elementor-element-2bc539e elementor-widget elementor-widget-text-editor\" data-id=\"2bc539e\" data-element_type=\"widget\" data-e-type=\"widget\" data-widget_type=\"text-editor.default\">\n\t\t\t\t<div class=\"elementor-widget-container\">\n\t\t\t\t\t\t\t\t\t<p class=\"font_8 wixui-rich-text__text\"><span class=\"wixui-rich-text__text\">The Arabian Property Awards 2020 were judged by a highly experienced team of professionals from a variety of backgrounds and expertise. The panel considered key factors including architecture, design, quality, service, innovation, originality, and commitment to sustainability when selecting winners.<\/span><\/p><p class=\"font_8 wixui-rich-text__text\"><span class=\"wixui-rich-text__text\">Ellington Properties\u2019 residences are a combination of timeless and contemporary designs to meet different customers\u2019 tastes and ultimately provide an experience where they can enjoy the exuberance of life. Every property is built with the philosophy that homes hold a momentous role in building a quality lifestyle. Ellington Properties prioritizes every step of the development process through a highly personalized approach from principles to design and finishing details.<\/span><\/p>\t\t\t\t\t\t\t\t<\/div>\n\t\t\t\t<\/div>\n\t\t\t\t<div class=\"elementor-element elementor-element-0f9151f elementor-widget elementor-widget-text-editor\" data-id=\"0f9151f\" data-element_type=\"widget\" data-e-type=\"widget\" data-widget_type=\"text-editor.default\">\n\t\t\t\t<div class=\"elementor-widget-container\">\n\t\t\t\t\t\t\t\t\t<p class=\"font_8 wixui-rich-text__text translation-block\">Ellington Properties has a growing portfolio of projects in Dubai including the popular Belgravia, Belgravia II, as well as Belgravia Square. Wilton Terraces and Wilton Park Residences in MBR City, and DT1, located in Downtown Dubai and close to be handed over.<\/p>\t\t\t\t\t\t\t\t<\/div>\n\t\t\t\t<\/div>\n\t\t\t\t\t<\/div>\n\t\t\t\t<\/div>\n\t\t<div class=\"elementor-element elementor-element-2baa42a e-flex e-con-boxed elementor-invisible e-con e-parent\" data-id=\"2baa42a\" data-element_type=\"container\" data-e-type=\"container\" data-settings=\"{&quot;background_background&quot;:&quot;classic&quot;,&quot;animation&quot;:&quot;fadeIn&quot;}\">\n\t\t\t\t\t<div class=\"e-con-inner\">\n\t\t\t\t<div class=\"elementor-element elementor-element-41389c3 elementor-widget elementor-widget-heading\" data-id=\"41389c3\" data-element_type=\"widget\" data-e-type=\"widget\" data-widget_type=\"heading.default\">\n\t\t\t\t<div class=\"elementor-widget-container\">\n\t\t\t\t\t<p class=\"elementor-heading-title elementor-size-default\">LIVE IN DESIGN <\/p>\t\t\t\t<\/div>\n\t\t\t\t<\/div>\n\t\t\t\t<div class=\"elementor-element elementor-element-491aa44 elementor-widget elementor-widget-button\" data-id=\"491aa44\" data-element_type=\"widget\" data-e-type=\"widget\" data-widget_type=\"button.default\">\n\t\t\t\t<div class=\"elementor-widget-container\">\n\t\t\t\t\t\t\t\t\t<div class=\"elementor-button-wrapper\">\n\t\t\t\t\t<a class=\"elementor-button elementor-button-link elementor-size-sm\" href=\"#\">\n\t\t\t\t\t\t<span class=\"elementor-button-content-wrapper\">\n\t\t\t\t\t\t\t\t\t<span class=\"elementor-button-text\">Brochure<\/span>\n\t\t\t\t\t<\/span>\n\t\t\t\t\t<\/a>\n\t\t\t\t<\/div>\n\t\t\t\t\t\t\t\t<\/div>\n\t\t\t\t<\/div>\n\t\t\t\t\t<\/div>\n\t\t\t\t<\/div>\n\t\t\t\t<\/div>","protected":false},"excerpt":{"rendered":"<p>ELLINGTON PROPERTIES A REMPORTE CINQ R\u00c9COMPENSES PRESTIGIEUSES AUX INTERNATIONAL PROPERTY AWARDS 2020-2021 Ellington Properties, le promoteur immobilier ax\u00e9 sur le design de Duba\u00ef, a remport\u00e9 cinq distinctions lors des Arabian Property Awards de cette ann\u00e9e, pour avoir propos\u00e9 un design inspirant, une architecture impeccable, des r\u00e9sidences exceptionnelles et des communaut\u00e9s offrant un style de vie [&hellip;]<\/p>\n","protected":false},"author":1,"featured_media":0,"parent":0,"menu_order":0,"comment_status":"closed","ping_status":"closed","template":"","meta":{"footnotes":""},"class_list":["post-258","page","type-page","status-publish","hentry"],"yoast_head":"<!-- This site is optimized with the Yoast SEO plugin v27.4 - https:\/\/yoast.com\/product\/yoast-seo-wordpress\/ -->\n<title>Awards - The7 Dubai<\/title>\n<meta name=\"robots\" content=\"index, follow, max-snippet:-1, max-image-preview:large, max-video-preview:-1\" \/>\n<link rel=\"canonical\" href=\"https:\/\/www.the7dubai.com\/en\/awards\/\" \/>\n<meta property=\"og:locale\" content=\"en_US\" \/>\n<meta property=\"og:type\" content=\"article\" \/>\n<meta property=\"og:title\" content=\"Awards - The7 Dubai\" \/>\n<meta property=\"og:description\" content=\"ELLINGTON PROPERTIES A REMPORTE CINQ R\u00c9COMPENSES PRESTIGIEUSES AUX INTERNATIONAL PROPERTY AWARDS 2020-2021 Ellington Properties, le promoteur immobilier ax\u00e9 sur le design de Duba\u00ef, a remport\u00e9 cinq distinctions lors des Arabian Property Awards de cette ann\u00e9e, pour avoir propos\u00e9 un design inspirant, une architecture impeccable, des r\u00e9sidences exceptionnelles et des communaut\u00e9s offrant un style de vie [&hellip;]\" \/>\n<meta property=\"og:url\" content=\"https:\/\/www.the7dubai.com\/en\/awards\/\" \/>\n<meta property=\"og:site_name\" content=\"The7 Dubai\" \/>\n<meta property=\"article:modified_time\" content=\"2024-01-31T15:50:39+00:00\" \/>\n<meta property=\"og:image\" content=\"https:\/\/www.the7dubai.com\/wp-content\/uploads\/2024\/01\/e38b76_e6cbdd9b05b2429eb276bdc5872af308mv2.jpeg.webp\" \/>\n<meta name=\"twitter:card\" content=\"summary_large_image\" \/>\n<meta name=\"twitter:label1\" content=\"Est. reading time\" \/>\n\t<meta name=\"twitter:data1\" content=\"4 minutes\" \/>\n<script type=\"application\/ld+json\" class=\"yoast-schema-graph\">{\"@context\":\"https:\\\/\\\/schema.org\",\"@graph\":[{\"@type\":\"WebPage\",\"@id\":\"https:\\\/\\\/www.the7dubai.com\\\/awards\\\/\",\"url\":\"https:\\\/\\\/www.the7dubai.com\\\/awards\\\/\",\"name\":\"Awards - The7 Dubai\",\"isPartOf\":{\"@id\":\"https:\\\/\\\/www.the7dubai.com\\\/#website\"},\"primaryImageOfPage\":{\"@id\":\"https:\\\/\\\/www.the7dubai.com\\\/awards\\\/#primaryimage\"},\"image\":{\"@id\":\"https:\\\/\\\/www.the7dubai.com\\\/awards\\\/#primaryimage\"},\"thumbnailUrl\":\"https:\\\/\\\/www.the7dubai.com\\\/wp-content\\\/uploads\\\/2024\\\/01\\\/e38b76_e6cbdd9b05b2429eb276bdc5872af308mv2.jpeg.webp\",\"datePublished\":\"2024-01-31T10:11:53+00:00\",\"dateModified\":\"2024-01-31T15:50:39+00:00\",\"breadcrumb\":{\"@id\":\"https:\\\/\\\/www.the7dubai.com\\\/awards\\\/#breadcrumb\"},\"inLanguage\":\"en-US\",\"potentialAction\":[{\"@type\":\"ReadAction\",\"target\":[\"https:\\\/\\\/www.the7dubai.com\\\/awards\\\/\"]}]},{\"@type\":\"ImageObject\",\"inLanguage\":\"en-US\",\"@id\":\"https:\\\/\\\/www.the7dubai.com\\\/awards\\\/#primaryimage\",\"url\":\"https:\\\/\\\/www.the7dubai.com\\\/wp-content\\\/uploads\\\/2024\\\/01\\\/e38b76_e6cbdd9b05b2429eb276bdc5872af308mv2.jpeg.webp\",\"contentUrl\":\"https:\\\/\\\/www.the7dubai.com\\\/wp-content\\\/uploads\\\/2024\\\/01\\\/e38b76_e6cbdd9b05b2429eb276bdc5872af308mv2.jpeg.webp\"},{\"@type\":\"BreadcrumbList\",\"@id\":\"https:\\\/\\\/www.the7dubai.com\\\/awards\\\/#breadcrumb\",\"itemListElement\":[{\"@type\":\"ListItem\",\"position\":1,\"name\":\"Accueil\",\"item\":\"https:\\\/\\\/www.the7dubai.com\\\/\"},{\"@type\":\"ListItem\",\"position\":2,\"name\":\"Awards\"}]},{\"@type\":\"WebSite\",\"@id\":\"https:\\\/\\\/www.the7dubai.com\\\/#website\",\"url\":\"https:\\\/\\\/www.the7dubai.com\\\/\",\"name\":\"The7 Dubai\",\"description\":\"\",\"potentialAction\":[{\"@type\":\"SearchAction\",\"target\":{\"@type\":\"EntryPoint\",\"urlTemplate\":\"https:\\\/\\\/www.the7dubai.com\\\/?s={search_term_string}\"},\"query-input\":{\"@type\":\"PropertyValueSpecification\",\"valueRequired\":true,\"valueName\":\"search_term_string\"}}],\"inLanguage\":\"en-US\"}]}<\/script>\n<!-- \/ Yoast SEO plugin. -->","yoast_head_json":{"title":"Awards - The7 Dubai","robots":{"index":"index","follow":"follow","max-snippet":"max-snippet:-1","max-image-preview":"max-image-preview:large","max-video-preview":"max-video-preview:-1"},"canonical":"https:\/\/www.the7dubai.com\/en\/awards\/","og_locale":"en_US","og_type":"article","og_title":"Awards - The7 Dubai","og_description":"ELLINGTON PROPERTIES A REMPORTE CINQ R\u00c9COMPENSES PRESTIGIEUSES AUX INTERNATIONAL PROPERTY AWARDS 2020-2021 Ellington Properties, le promoteur immobilier ax\u00e9 sur le design de Duba\u00ef, a remport\u00e9 cinq distinctions lors des Arabian Property Awards de cette ann\u00e9e, pour avoir propos\u00e9 un design inspirant, une architecture impeccable, des r\u00e9sidences exceptionnelles et des communaut\u00e9s offrant un style de vie [&hellip;]","og_url":"https:\/\/www.the7dubai.com\/en\/awards\/","og_site_name":"The7 Dubai","article_modified_time":"2024-01-31T15:50:39+00:00","og_image":[{"url":"https:\/\/www.the7dubai.com\/wp-content\/uploads\/2024\/01\/e38b76_e6cbdd9b05b2429eb276bdc5872af308mv2.jpeg.webp","type":"","width":"","height":""}],"twitter_card":"summary_large_image","twitter_misc":{"Est. reading time":"4 minutes"},"schema":{"@context":"https:\/\/schema.org","@graph":[{"@type":"WebPage","@id":"https:\/\/www.the7dubai.com\/awards\/","url":"https:\/\/www.the7dubai.com\/awards\/","name":"Awards - The7 Dubai","isPartOf":{"@id":"https:\/\/www.the7dubai.com\/#website"},"primaryImageOfPage":{"@id":"https:\/\/www.the7dubai.com\/awards\/#primaryimage"},"image":{"@id":"https:\/\/www.the7dubai.com\/awards\/#primaryimage"},"thumbnailUrl":"https:\/\/www.the7dubai.com\/wp-content\/uploads\/2024\/01\/e38b76_e6cbdd9b05b2429eb276bdc5872af308mv2.jpeg.webp","datePublished":"2024-01-31T10:11:53+00:00","dateModified":"2024-01-31T15:50:39+00:00","breadcrumb":{"@id":"https:\/\/www.the7dubai.com\/awards\/#breadcrumb"},"inLanguage":"en-US","potentialAction":[{"@type":"ReadAction","target":["https:\/\/www.the7dubai.com\/awards\/"]}]},{"@type":"ImageObject","inLanguage":"en-US","@id":"https:\/\/www.the7dubai.com\/awards\/#primaryimage","url":"https:\/\/www.the7dubai.com\/wp-content\/uploads\/2024\/01\/e38b76_e6cbdd9b05b2429eb276bdc5872af308mv2.jpeg.webp","contentUrl":"https:\/\/www.the7dubai.com\/wp-content\/uploads\/2024\/01\/e38b76_e6cbdd9b05b2429eb276bdc5872af308mv2.jpeg.webp"},{"@type":"BreadcrumbList","@id":"https:\/\/www.the7dubai.com\/awards\/#breadcrumb","itemListElement":[{"@type":"ListItem","position":1,"name":"Accueil","item":"https:\/\/www.the7dubai.com\/"},{"@type":"ListItem","position":2,"name":"Awards"}]},{"@type":"WebSite","@id":"https:\/\/www.the7dubai.com\/#website","url":"https:\/\/www.the7dubai.com\/","name":"The7 Dubai","description":"","potentialAction":[{"@type":"SearchAction","target":{"@type":"EntryPoint","urlTemplate":"https:\/\/www.the7dubai.com\/?s={search_term_string}"},"query-input":{"@type":"PropertyValueSpecification","valueRequired":true,"valueName":"search_term_string"}}],"inLanguage":"en-US"}]}},"_links":{"self":[{"href":"https:\/\/www.the7dubai.com\/en\/wp-json\/wp\/v2\/pages\/258","targetHints":{"allow":["GET"]}}],"collection":[{"href":"https:\/\/www.the7dubai.com\/en\/wp-json\/wp\/v2\/pages"}],"about":[{"href":"https:\/\/www.the7dubai.com\/en\/wp-json\/wp\/v2\/types\/page"}],"author":[{"embeddable":true,"href":"https:\/\/www.the7dubai.com\/en\/wp-json\/wp\/v2\/users\/1"}],"replies":[{"embeddable":true,"href":"https:\/\/www.the7dubai.com\/en\/wp-json\/wp\/v2\/comments?post=258"}],"version-history":[{"count":16,"href":"https:\/\/www.the7dubai.com\/en\/wp-json\/wp\/v2\/pages\/258\/revisions"}],"predecessor-version":[{"id":414,"href":"https:\/\/www.the7dubai.com\/en\/wp-json\/wp\/v2\/pages\/258\/revisions\/414"}],"wp:attachment":[{"href":"https:\/\/www.the7dubai.com\/en\/wp-json\/wp\/v2\/media?parent=258"}],"curies":[{"name":"wp","href":"https:\/\/api.w.org\/{rel}","templated":true}]}}