{"id":95,"date":"2024-01-30T22:57:04","date_gmt":"2024-01-30T21:57:04","guid":{"rendered":"https:\/\/www.the7dubai.com\/?page_id=95"},"modified":"2024-01-31T16:47:11","modified_gmt":"2024-01-31T15:47:11","slug":"ellington","status":"publish","type":"page","link":"https:\/\/www.the7dubai.com\/en\/ellington\/","title":{"rendered":"Ellington"},"content":{"rendered":"<div data-elementor-type=\"wp-page\" data-elementor-id=\"95\" class=\"elementor elementor-95\" data-elementor-post-type=\"page\">\n\t\t\t\t<div class=\"elementor-element elementor-element-b21078a e-con-full e-flex e-con e-parent\" data-id=\"b21078a\" data-element_type=\"container\" data-e-type=\"container\" data-settings=\"{&quot;background_background&quot;:&quot;classic&quot;}\">\n\t\t\t\t<div class=\"elementor-element elementor-element-1db5c66 elementor-widget__width-initial elementor-widget-mobile__width-auto elementor-widget elementor-widget-text-editor\" data-id=\"1db5c66\" data-element_type=\"widget\" data-e-type=\"widget\" data-widget_type=\"text-editor.default\">\n\t\t\t\t<div class=\"elementor-widget-container\">\n\t\t\t\t\t\t\t\t\t<p>WE BUILD RESIDENCES FOR PEOPLE WHO TRULY APPRECIATE DESIGN - FROM THE FIRST PRINCIPLES\nTO THE LAST DETAIL<\/p>\t\t\t\t\t\t\t\t<\/div>\n\t\t\t\t<\/div>\n\t\t\t\t<div class=\"elementor-element elementor-element-ef984a8 elementor-widget elementor-widget-button\" data-id=\"ef984a8\" data-element_type=\"widget\" data-e-type=\"widget\" data-widget_type=\"button.default\">\n\t\t\t\t<div class=\"elementor-widget-container\">\n\t\t\t\t\t\t\t\t\t<div class=\"elementor-button-wrapper\">\n\t\t\t\t\t<a class=\"elementor-button elementor-button-link elementor-size-sm\" href=\"#\">\n\t\t\t\t\t\t<span class=\"elementor-button-content-wrapper\">\n\t\t\t\t\t\t\t\t\t<span class=\"elementor-button-text\">Discover<\/span>\n\t\t\t\t\t<\/span>\n\t\t\t\t\t<\/a>\n\t\t\t\t<\/div>\n\t\t\t\t\t\t\t\t<\/div>\n\t\t\t\t<\/div>\n\t\t\t\t<\/div>\n\t\t<div class=\"elementor-element elementor-element-099960f e-flex e-con-boxed elementor-invisible e-con e-child\" data-id=\"099960f\" data-element_type=\"container\" data-e-type=\"container\" data-settings=\"{&quot;animation&quot;:&quot;fadeIn&quot;}\">\n\t\t\t\t\t<div class=\"e-con-inner\">\n\t\t<div class=\"elementor-element elementor-element-7aebb6e e-flex e-con-boxed e-con e-child\" data-id=\"7aebb6e\" data-element_type=\"container\" data-e-type=\"container\">\n\t\t\t\t\t<div class=\"e-con-inner\">\n\t\t\t\t<div class=\"elementor-element elementor-element-3e79c69 elementor-widget elementor-widget-heading\" data-id=\"3e79c69\" data-element_type=\"widget\" data-e-type=\"widget\" data-widget_type=\"heading.default\">\n\t\t\t\t<div class=\"elementor-widget-container\">\n\t\t\t\t\t<h1 class=\"elementor-heading-title elementor-size-default\">ELLINGTON PROPERTIES, ONE OF THE LEADING REAL ESTATE COMPANIES IN DUBAI<\/h1>\t\t\t\t<\/div>\n\t\t\t\t<\/div>\n\t\t\t\t<div class=\"elementor-element elementor-element-b0c7f5e elementor-widget elementor-widget-heading\" data-id=\"b0c7f5e\" data-element_type=\"widget\" data-e-type=\"widget\" data-widget_type=\"heading.default\">\n\t\t\t\t<div class=\"elementor-widget-container\">\n\t\t\t\t\t<style>.elementor-element-b0c7f5e{display:none !important}<\/style>\t\t\t\t<\/div>\n\t\t\t\t<\/div>\n\t\t\t\t<div class=\"elementor-element elementor-element-9ce0042 elementor-widget elementor-widget-text-editor\" data-id=\"9ce0042\" data-element_type=\"widget\" data-e-type=\"widget\" data-widget_type=\"text-editor.default\">\n\t\t\t\t<div class=\"elementor-widget-container\">\n\t\t\t\t\t\t\t\t\t<p class=\"font_8 wixui-rich-text__text translation-block\">Founded in 2014, Ellington Properties is Dubai\u2019s leading design-led real estate developer and endeavours to craft beautiful Dubai properties and communities for high-quality lifestyles.<\/p>\t\t\t\t\t\t\t\t<\/div>\n\t\t\t\t<\/div>\n\t\t\t\t<div class=\"elementor-element elementor-element-4ea2383 elementor-widget elementor-widget-text-editor\" data-id=\"4ea2383\" data-element_type=\"widget\" data-e-type=\"widget\" data-widget_type=\"text-editor.default\">\n\t\t\t\t<div class=\"elementor-widget-container\">\n\t\t\t\t\t\t\t\t\t<p class=\"font_8 wixui-rich-text__text translation-block\">A truly customer-centric developer in the UAE real estate market, we develop <a href=\"https:\/\/ellingtonproperties.ae\/property-for-sale-dubai\/\" target=\"_blank\">beautiful residences in Dubai<\/a> designed by incredible artistry and impeccable architecture. Our customers\u2019 refined tastes inspire us to create compelling <a href=\"https:\/\/ellingtonproperties.ae\/property-for-sale-dubai\/\" target=\"_blank\">luxury properties<\/a> that consistently transcend fashions and trends.<\/p>\t\t\t\t\t\t\t\t<\/div>\n\t\t\t\t<\/div>\n\t\t\t\t<div class=\"elementor-element elementor-element-0456f3f elementor-widget elementor-widget-text-editor\" data-id=\"0456f3f\" data-element_type=\"widget\" data-e-type=\"widget\" data-widget_type=\"text-editor.default\">\n\t\t\t\t<div class=\"elementor-widget-container\">\n\t\t\t\t\t\t\t\t\t<p class=\"font_8 wixui-rich-text__text\">Every property is built on four key pillars which are change mindsets, establish credibility, evoke emotions and differentiation.<\/p>\t\t\t\t\t\t\t\t<\/div>\n\t\t\t\t<\/div>\n\t\t\t\t\t<\/div>\n\t\t\t\t<\/div>\n\t\t<div class=\"elementor-element elementor-element-77724eb e-flex e-con-boxed e-con e-child\" data-id=\"77724eb\" data-element_type=\"container\" data-e-type=\"container\">\n\t\t\t\t\t<div class=\"e-con-inner\">\n\t\t\t\t<div class=\"elementor-element elementor-element-f83d2da elementor-arrows-position-inside elementor-widget elementor-widget-image-carousel\" data-id=\"f83d2da\" data-element_type=\"widget\" data-e-type=\"widget\" data-settings=\"{&quot;slides_to_show&quot;:&quot;1&quot;,&quot;navigation&quot;:&quot;arrows&quot;,&quot;pause_on_hover&quot;:&quot;no&quot;,&quot;pause_on_interaction&quot;:&quot;no&quot;,&quot;autoplay_speed&quot;:3000,&quot;autoplay&quot;:&quot;yes&quot;,&quot;infinite&quot;:&quot;yes&quot;,&quot;effect&quot;:&quot;slide&quot;,&quot;speed&quot;:500}\" data-widget_type=\"image-carousel.default\">\n\t\t\t\t<div class=\"elementor-widget-container\">\n\t\t\t\t\t\t\t<div class=\"elementor-image-carousel-wrapper swiper\" role=\"region\" aria-roledescription=\"carousel\" aria-label=\"Carrousel d\u2019images\" dir=\"ltr\">\n\t\t\t<div class=\"elementor-image-carousel swiper-wrapper\" aria-live=\"off\">\n\t\t\t\t\t\t\t\t<div class=\"swiper-slide\" role=\"group\" aria-roledescription=\"slide\" aria-label=\"1 sur 2\"><a data-elementor-open-lightbox=\"yes\" data-elementor-lightbox-slideshow=\"f83d2da\" data-elementor-lightbox-title=\"e38b76_ff7bb199adde4efbb40760f218be2884~mv2.jpg\" data-e-action-hash=\"#elementor-action%3Aaction%3Dlightbox%26settings%3DeyJpZCI6MTIzLCJ1cmwiOiJodHRwczpcL1wvd3d3LnRoZTdkdWJhaS5jb21cL3dwLWNvbnRlbnRcL3VwbG9hZHNcLzIwMjRcLzAxXC9lMzhiNzZfZmY3YmIxOTlhZGRlNGVmYmI0MDc2MGYyMThiZTI4ODRtdjIuanBnLndlYnAiLCJzbGlkZXNob3ciOiJmODNkMmRhIn0%3D\" href=\"https:\/\/www.the7dubai.com\/wp-content\/uploads\/2024\/01\/e38b76_ff7bb199adde4efbb40760f218be2884mv2.jpg.webp\"><figure class=\"swiper-slide-inner\"><img decoding=\"async\" class=\"swiper-slide-image\" src=\"https:\/\/www.the7dubai.com\/wp-content\/uploads\/2024\/01\/e38b76_ff7bb199adde4efbb40760f218be2884mv2.jpg.webp\" alt=\"ellington\" \/><\/figure><\/a><\/div><div class=\"swiper-slide\" role=\"group\" aria-roledescription=\"slide\" aria-label=\"2 sur 2\"><a data-elementor-open-lightbox=\"yes\" data-elementor-lightbox-slideshow=\"f83d2da\" data-elementor-lightbox-title=\"e38b76_9893245e48ce445ea9614b8210c5f15b~mv2.jpg\" data-e-action-hash=\"#elementor-action%3Aaction%3Dlightbox%26settings%3DeyJpZCI6MTI0LCJ1cmwiOiJodHRwczpcL1wvd3d3LnRoZTdkdWJhaS5jb21cL3dwLWNvbnRlbnRcL3VwbG9hZHNcLzIwMjRcLzAxXC9lMzhiNzZfOTg5MzI0NWU0OGNlNDQ1ZWE5NjE0YjgyMTBjNWYxNWJtdjIuanBnLndlYnAiLCJzbGlkZXNob3ciOiJmODNkMmRhIn0%3D\" href=\"https:\/\/www.the7dubai.com\/wp-content\/uploads\/2024\/01\/e38b76_9893245e48ce445ea9614b8210c5f15bmv2.jpg.webp\"><figure class=\"swiper-slide-inner\"><img decoding=\"async\" class=\"swiper-slide-image\" src=\"https:\/\/www.the7dubai.com\/wp-content\/uploads\/2024\/01\/e38b76_9893245e48ce445ea9614b8210c5f15bmv2.jpg.webp\" alt=\"ellington\" \/><\/figure><\/a><\/div>\t\t\t<\/div>\n\t\t\t\t\t\t\t\t\t\t\t\t<div class=\"elementor-swiper-button elementor-swiper-button-prev\" role=\"button\" tabindex=\"0\">\n\t\t\t\t\t\t<svg aria-hidden=\"true\" class=\"e-font-icon-svg e-eicon-chevron-left\" viewbox=\"0 0 1000 1000\" xmlns=\"http:\/\/www.w3.org\/2000\/svg\"><path d=\"M646 125C629 125 613 133 604 142L308 442C296 454 292 471 292 487 292 504 296 521 308 533L604 854C617 867 629 875 646 875 663 875 679 871 692 858 704 846 713 829 713 812 713 796 708 779 692 767L438 487 692 225C700 217 708 204 708 187 708 171 704 154 692 142 675 129 663 125 646 125Z\"><\/path><\/svg>\t\t\t\t\t<\/div>\n\t\t\t\t\t<div class=\"elementor-swiper-button elementor-swiper-button-next\" role=\"button\" tabindex=\"0\">\n\t\t\t\t\t\t<svg aria-hidden=\"true\" class=\"e-font-icon-svg e-eicon-chevron-right\" viewbox=\"0 0 1000 1000\" xmlns=\"http:\/\/www.w3.org\/2000\/svg\"><path d=\"M696 533C708 521 713 504 713 487 713 471 708 454 696 446L400 146C388 133 375 125 354 125 338 125 325 129 313 142 300 154 292 171 292 187 292 204 296 221 308 233L563 492 304 771C292 783 288 800 288 817 288 833 296 850 308 863 321 871 338 875 354 875 371 875 388 867 400 854L696 533Z\"><\/path><\/svg>\t\t\t\t\t<\/div>\n\t\t\t\t\n\t\t\t\t\t\t\t\t\t<\/div>\n\t\t\t\t\t\t<\/div>\n\t\t\t\t<\/div>\n\t\t\t\t\t<\/div>\n\t\t\t\t<\/div>\n\t\t\t\t\t<\/div>\n\t\t\t\t<\/div>\n\t\t<div class=\"elementor-element elementor-element-fc49791 e-flex e-con-boxed elementor-invisible e-con e-parent\" data-id=\"fc49791\" data-element_type=\"container\" data-e-type=\"container\" data-settings=\"{&quot;animation&quot;:&quot;fadeIn&quot;}\">\n\t\t\t\t\t<div class=\"e-con-inner\">\n\t\t\t\t<div class=\"elementor-element elementor-element-5dbc645 elementor-widget elementor-widget-heading\" data-id=\"5dbc645\" data-element_type=\"widget\" data-e-type=\"widget\" data-widget_type=\"heading.default\">\n\t\t\t\t<div class=\"elementor-widget-container\">\n\t\t\t\t\t<h2 class=\"elementor-heading-title elementor-size-default\">A UNIQUE OFFERING THAT IS NOT AVAILABLE ANYWHERE ELSE IN DUBAI<\/h2>\t\t\t\t<\/div>\n\t\t\t\t<\/div>\n\t\t\t\t<div class=\"elementor-element elementor-element-75fb646 elementor-widget elementor-widget-text-editor\" data-id=\"75fb646\" data-element_type=\"widget\" data-e-type=\"widget\" data-widget_type=\"text-editor.default\">\n\t\t\t\t<div class=\"elementor-widget-container\">\n\t\t\t\t\t\t\t\t\t<p>Believing homes hold a crucial role in building a quality lifestyle, we prioritize every step of the development process through a personalised approach from the concept to the final details. Offering warranty after hand-over, we know that our responsibility towards our customers is a long-lasting commitment. Our bespoke residences are an ideal fit for a refined lifestyle \u2013 built to inspire in all forms and sizes: Villas, Studios, 1 &amp; 2 bedroom apartments.<\/p>\t\t\t\t\t\t\t\t<\/div>\n\t\t\t\t<\/div>\n\t\t\t\t<div class=\"elementor-element elementor-element-ade3e23 elementor-widget elementor-widget-text-editor\" data-id=\"ade3e23\" data-element_type=\"widget\" data-e-type=\"widget\" data-widget_type=\"text-editor.default\">\n\t\t\t\t<div class=\"elementor-widget-container\">\n\t\t\t\t\t\t\t\t\t<p>Location matters! It can be detrimental in choosing a luxury home and as one of the finest real estate companies in Dubai, we select the most prestigious addresses in the city, where our communities can thrive.<\/p>\t\t\t\t\t\t\t\t<\/div>\n\t\t\t\t<\/div>\n\t\t\t\t<div class=\"elementor-element elementor-element-9586701 elementor-widget elementor-widget-text-editor\" data-id=\"9586701\" data-element_type=\"widget\" data-e-type=\"widget\" data-widget_type=\"text-editor.default\">\n\t\t\t\t<div class=\"elementor-widget-container\">\n\t\t\t\t\t\t\t\t\t<p>Our properties are located in <a href=\"https:\/\/ellingtonproperties.ae\/residential-communities-in-dubai\/mohammed-bin-rashid-city\/\" target=\"_blank\">Mohammed Bin Rashid City (MBR)<\/a>, Downtown Dubai, Palm Jumeirah and the <a href=\"https:\/\/ellingtonproperties.ae\/residential-communities-in-dubai\/jumeirah-village-circle\/\" target=\"_blank\">Jumeirah Village Circle (JVC)<\/a> They include <a href=\"https:\/\/ellingtonproperties.ae\/residential-communities-in-dubai\/\" target=\"_blank\">high-rise luxury residences and multi-family communities<\/a>.<\/p>\t\t\t\t\t\t\t\t<\/div>\n\t\t\t\t<\/div>\n\t\t\t\t<div class=\"elementor-element elementor-element-7c7d070 elementor-widget elementor-widget-text-editor\" data-id=\"7c7d070\" data-element_type=\"widget\" data-e-type=\"widget\" data-widget_type=\"text-editor.default\">\n\t\t\t\t<div class=\"elementor-widget-container\">\n\t\t\t\t\t\t\t\t\t<p>In 2018, we have successfully developed Belgravia Square, DT1 and Wilton Terraces which brought new meaning to Live In Design and Dubai real estate market. In 2019, we have launched Wilton Park Residences, our newest project inspired by nature &amp; green spaces.<\/p>\t\t\t\t\t\t\t\t<\/div>\n\t\t\t\t<\/div>\n\t\t\t\t\t<\/div>\n\t\t\t\t<\/div>\n\t\t<div class=\"elementor-element elementor-element-735be5f e-flex e-con-boxed elementor-invisible e-con e-parent\" data-id=\"735be5f\" data-element_type=\"container\" data-e-type=\"container\" data-settings=\"{&quot;background_background&quot;:&quot;classic&quot;,&quot;animation&quot;:&quot;fadeIn&quot;}\">\n\t\t\t\t\t<div class=\"e-con-inner\">\n\t\t\t\t<div class=\"elementor-element elementor-element-5f90fc8 elementor-widget elementor-widget-heading\" data-id=\"5f90fc8\" data-element_type=\"widget\" data-e-type=\"widget\" data-widget_type=\"heading.default\">\n\t\t\t\t<div class=\"elementor-widget-container\">\n\t\t\t\t\t<p class=\"elementor-heading-title elementor-size-default\">LIVE IN DESIGN <\/p>\t\t\t\t<\/div>\n\t\t\t\t<\/div>\n\t\t\t\t<div class=\"elementor-element elementor-element-8a03028 elementor-widget elementor-widget-button\" data-id=\"8a03028\" data-element_type=\"widget\" data-e-type=\"widget\" data-widget_type=\"button.default\">\n\t\t\t\t<div class=\"elementor-widget-container\">\n\t\t\t\t\t\t\t\t\t<div class=\"elementor-button-wrapper\">\n\t\t\t\t\t<a class=\"elementor-button elementor-button-link elementor-size-sm\" href=\"#\">\n\t\t\t\t\t\t<span class=\"elementor-button-content-wrapper\">\n\t\t\t\t\t\t\t\t\t<span class=\"elementor-button-text\">Brochure<\/span>\n\t\t\t\t\t<\/span>\n\t\t\t\t\t<\/a>\n\t\t\t\t<\/div>\n\t\t\t\t\t\t\t\t<\/div>\n\t\t\t\t<\/div>\n\t\t\t\t\t<\/div>\n\t\t\t\t<\/div>\n\t\t\t\t<\/div>","protected":false},"excerpt":{"rendered":"<p>NOUS CONSTRUISONS DES R\u00c9SIDENCES POUR LES PERSONNES QUI APPR\u00c9CIENT VRAIMENT LE DESIGN D\u00e9couvrir \u00c0 PROPOS D\u2019ELLINGTON PROPERTIES DUBAI, LE PREMIER D\u00c9VELOPPEUR IMMOBILIER AX\u00c9 SUR LE DESIGN Fond\u00e9 en 2014, Ellington Properties est le principal promoteur immobilier ax\u00e9 sur le design de Duba\u00ef et s\u2019\u00e9vertue \u00e0 concevoir de splendides propri\u00e9t\u00e9s ainsi que des communaut\u00e9s pour des [&hellip;]<\/p>\n","protected":false},"author":1,"featured_media":121,"parent":0,"menu_order":0,"comment_status":"closed","ping_status":"closed","template":"","meta":{"footnotes":""},"class_list":["post-95","page","type-page","status-publish","has-post-thumbnail","hentry"],"yoast_head":"<!-- This site is optimized with the Yoast SEO plugin v27.4 - https:\/\/yoast.com\/product\/yoast-seo-wordpress\/ -->\n<title>Ellington Properties - Partenaire de The7 Dubai<\/title>\n<meta name=\"description\" content=\"Ellington Properties et The7 Dubai : une collaboration pour des projets immobiliers de prestige \u00e0 Dubai. D\u00e9couvrez nos r\u00e9sidences de luxe.\" \/>\n<meta name=\"robots\" content=\"index, follow, max-snippet:-1, max-image-preview:large, max-video-preview:-1\" \/>\n<link rel=\"canonical\" href=\"https:\/\/www.the7dubai.com\/en\/ellington\/\" \/>\n<meta property=\"og:locale\" content=\"en_US\" \/>\n<meta property=\"og:type\" content=\"article\" \/>\n<meta property=\"og:title\" content=\"Ellington Properties - Partenaire de The7 Dubai\" \/>\n<meta property=\"og:description\" content=\"Ellington Properties et The7 Dubai : une collaboration pour des projets immobiliers de prestige \u00e0 Dubai. D\u00e9couvrez nos r\u00e9sidences de luxe.\" \/>\n<meta property=\"og:url\" content=\"https:\/\/www.the7dubai.com\/en\/ellington\/\" \/>\n<meta property=\"og:site_name\" content=\"The7 Dubai\" \/>\n<meta property=\"article:modified_time\" content=\"2024-01-31T15:47:11+00:00\" \/>\n<meta property=\"og:image\" content=\"https:\/\/www.the7dubai.com\/wp-content\/uploads\/2024\/01\/e38b76_eeb2feff7b8f489b81b078d8f90602f4mv2.jpg.webp\" \/>\n\t<meta property=\"og:image:width\" content=\"1710\" \/>\n\t<meta property=\"og:image:height\" content=\"922\" \/>\n\t<meta property=\"og:image:type\" content=\"image\/webp\" \/>\n<meta name=\"twitter:card\" content=\"summary_large_image\" \/>\n<meta name=\"twitter:label1\" content=\"Est. reading time\" \/>\n\t<meta name=\"twitter:data1\" content=\"3 minutes\" \/>\n<script type=\"application\/ld+json\" class=\"yoast-schema-graph\">{\"@context\":\"https:\\\/\\\/schema.org\",\"@graph\":[{\"@type\":\"WebPage\",\"@id\":\"https:\\\/\\\/www.the7dubai.com\\\/ellington\\\/\",\"url\":\"https:\\\/\\\/www.the7dubai.com\\\/ellington\\\/\",\"name\":\"Ellington Properties - Partenaire de The7 Dubai\",\"isPartOf\":{\"@id\":\"https:\\\/\\\/www.the7dubai.com\\\/#website\"},\"primaryImageOfPage\":{\"@id\":\"https:\\\/\\\/www.the7dubai.com\\\/ellington\\\/#primaryimage\"},\"image\":{\"@id\":\"https:\\\/\\\/www.the7dubai.com\\\/ellington\\\/#primaryimage\"},\"thumbnailUrl\":\"https:\\\/\\\/www.the7dubai.com\\\/wp-content\\\/uploads\\\/2024\\\/01\\\/e38b76_eeb2feff7b8f489b81b078d8f90602f4mv2.jpg.webp\",\"datePublished\":\"2024-01-30T21:57:04+00:00\",\"dateModified\":\"2024-01-31T15:47:11+00:00\",\"description\":\"Ellington Properties et The7 Dubai : une collaboration pour des projets immobiliers de prestige \u00e0 Dubai. D\u00e9couvrez nos r\u00e9sidences de luxe.\",\"breadcrumb\":{\"@id\":\"https:\\\/\\\/www.the7dubai.com\\\/ellington\\\/#breadcrumb\"},\"inLanguage\":\"en-US\",\"potentialAction\":[{\"@type\":\"ReadAction\",\"target\":[\"https:\\\/\\\/www.the7dubai.com\\\/ellington\\\/\"]}]},{\"@type\":\"ImageObject\",\"inLanguage\":\"en-US\",\"@id\":\"https:\\\/\\\/www.the7dubai.com\\\/ellington\\\/#primaryimage\",\"url\":\"https:\\\/\\\/www.the7dubai.com\\\/wp-content\\\/uploads\\\/2024\\\/01\\\/e38b76_eeb2feff7b8f489b81b078d8f90602f4mv2.jpg.webp\",\"contentUrl\":\"https:\\\/\\\/www.the7dubai.com\\\/wp-content\\\/uploads\\\/2024\\\/01\\\/e38b76_eeb2feff7b8f489b81b078d8f90602f4mv2.jpg.webp\",\"width\":1710,\"height\":922,\"caption\":\"ellington\"},{\"@type\":\"BreadcrumbList\",\"@id\":\"https:\\\/\\\/www.the7dubai.com\\\/ellington\\\/#breadcrumb\",\"itemListElement\":[{\"@type\":\"ListItem\",\"position\":1,\"name\":\"Accueil\",\"item\":\"https:\\\/\\\/www.the7dubai.com\\\/\"},{\"@type\":\"ListItem\",\"position\":2,\"name\":\"Ellington\"}]},{\"@type\":\"WebSite\",\"@id\":\"https:\\\/\\\/www.the7dubai.com\\\/#website\",\"url\":\"https:\\\/\\\/www.the7dubai.com\\\/\",\"name\":\"The7 Dubai\",\"description\":\"\",\"potentialAction\":[{\"@type\":\"SearchAction\",\"target\":{\"@type\":\"EntryPoint\",\"urlTemplate\":\"https:\\\/\\\/www.the7dubai.com\\\/?s={search_term_string}\"},\"query-input\":{\"@type\":\"PropertyValueSpecification\",\"valueRequired\":true,\"valueName\":\"search_term_string\"}}],\"inLanguage\":\"en-US\"}]}<\/script>\n<!-- \/ Yoast SEO plugin. -->","yoast_head_json":{"title":"Ellington Properties - Partenaire de The7 Dubai","description":"Ellington Properties et The7 Dubai : une collaboration pour des projets immobiliers de prestige \u00e0 Dubai. D\u00e9couvrez nos r\u00e9sidences de luxe.","robots":{"index":"index","follow":"follow","max-snippet":"max-snippet:-1","max-image-preview":"max-image-preview:large","max-video-preview":"max-video-preview:-1"},"canonical":"https:\/\/www.the7dubai.com\/en\/ellington\/","og_locale":"en_US","og_type":"article","og_title":"Ellington Properties - Partenaire de The7 Dubai","og_description":"Ellington Properties et The7 Dubai : une collaboration pour des projets immobiliers de prestige \u00e0 Dubai. D\u00e9couvrez nos r\u00e9sidences de luxe.","og_url":"https:\/\/www.the7dubai.com\/en\/ellington\/","og_site_name":"The7 Dubai","article_modified_time":"2024-01-31T15:47:11+00:00","og_image":[{"width":1710,"height":922,"url":"https:\/\/www.the7dubai.com\/wp-content\/uploads\/2024\/01\/e38b76_eeb2feff7b8f489b81b078d8f90602f4mv2.jpg.webp","type":"image\/webp"}],"twitter_card":"summary_large_image","twitter_misc":{"Est. reading time":"3 minutes"},"schema":{"@context":"https:\/\/schema.org","@graph":[{"@type":"WebPage","@id":"https:\/\/www.the7dubai.com\/ellington\/","url":"https:\/\/www.the7dubai.com\/ellington\/","name":"Ellington Properties - Partenaire de The7 Dubai","isPartOf":{"@id":"https:\/\/www.the7dubai.com\/#website"},"primaryImageOfPage":{"@id":"https:\/\/www.the7dubai.com\/ellington\/#primaryimage"},"image":{"@id":"https:\/\/www.the7dubai.com\/ellington\/#primaryimage"},"thumbnailUrl":"https:\/\/www.the7dubai.com\/wp-content\/uploads\/2024\/01\/e38b76_eeb2feff7b8f489b81b078d8f90602f4mv2.jpg.webp","datePublished":"2024-01-30T21:57:04+00:00","dateModified":"2024-01-31T15:47:11+00:00","description":"Ellington Properties et The7 Dubai : une collaboration pour des projets immobiliers de prestige \u00e0 Dubai. D\u00e9couvrez nos r\u00e9sidences de luxe.","breadcrumb":{"@id":"https:\/\/www.the7dubai.com\/ellington\/#breadcrumb"},"inLanguage":"en-US","potentialAction":[{"@type":"ReadAction","target":["https:\/\/www.the7dubai.com\/ellington\/"]}]},{"@type":"ImageObject","inLanguage":"en-US","@id":"https:\/\/www.the7dubai.com\/ellington\/#primaryimage","url":"https:\/\/www.the7dubai.com\/wp-content\/uploads\/2024\/01\/e38b76_eeb2feff7b8f489b81b078d8f90602f4mv2.jpg.webp","contentUrl":"https:\/\/www.the7dubai.com\/wp-content\/uploads\/2024\/01\/e38b76_eeb2feff7b8f489b81b078d8f90602f4mv2.jpg.webp","width":1710,"height":922,"caption":"ellington"},{"@type":"BreadcrumbList","@id":"https:\/\/www.the7dubai.com\/ellington\/#breadcrumb","itemListElement":[{"@type":"ListItem","position":1,"name":"Accueil","item":"https:\/\/www.the7dubai.com\/"},{"@type":"ListItem","position":2,"name":"Ellington"}]},{"@type":"WebSite","@id":"https:\/\/www.the7dubai.com\/#website","url":"https:\/\/www.the7dubai.com\/","name":"The7 Dubai","description":"","potentialAction":[{"@type":"SearchAction","target":{"@type":"EntryPoint","urlTemplate":"https:\/\/www.the7dubai.com\/?s={search_term_string}"},"query-input":{"@type":"PropertyValueSpecification","valueRequired":true,"valueName":"search_term_string"}}],"inLanguage":"en-US"}]}},"_links":{"self":[{"href":"https:\/\/www.the7dubai.com\/en\/wp-json\/wp\/v2\/pages\/95","targetHints":{"allow":["GET"]}}],"collection":[{"href":"https:\/\/www.the7dubai.com\/en\/wp-json\/wp\/v2\/pages"}],"about":[{"href":"https:\/\/www.the7dubai.com\/en\/wp-json\/wp\/v2\/types\/page"}],"author":[{"embeddable":true,"href":"https:\/\/www.the7dubai.com\/en\/wp-json\/wp\/v2\/users\/1"}],"replies":[{"embeddable":true,"href":"https:\/\/www.the7dubai.com\/en\/wp-json\/wp\/v2\/comments?post=95"}],"version-history":[{"count":46,"href":"https:\/\/www.the7dubai.com\/en\/wp-json\/wp\/v2\/pages\/95\/revisions"}],"predecessor-version":[{"id":404,"href":"https:\/\/www.the7dubai.com\/en\/wp-json\/wp\/v2\/pages\/95\/revisions\/404"}],"wp:featuredmedia":[{"embeddable":true,"href":"https:\/\/www.the7dubai.com\/en\/wp-json\/wp\/v2\/media\/121"}],"wp:attachment":[{"href":"https:\/\/www.the7dubai.com\/en\/wp-json\/wp\/v2\/media?parent=95"}],"curies":[{"name":"wp","href":"https:\/\/api.w.org\/{rel}","templated":true}]}}